{"id":110,"date":"2018-08-09T15:19:09","date_gmt":"2018-08-09T15:19:09","guid":{"rendered":"http:\/\/demo.sharkthemes.com\/uni-education\/?page_id=104"},"modified":"2025-02-27T19:13:05","modified_gmt":"2025-02-27T19:13:05","slug":"contact","status":"publish","type":"page","link":"https:\/\/medika.edu.rs\/index.php\/about-us\/contact\/","title":{"rendered":"Kontakt"},"content":{"rendered":"<p><strong>KONTAKT:<\/strong><br \/>\nAdresa: Mitropolita Petra br. 8, 11000 Beograd<br \/>\nTelefon: +381 60 202 2150<\/p>\n<div dir=\"auto\">PIB: 111749844<\/div>\n<div dir=\"auto\">Mati\u010dni broj: 17922742<\/div>\n<div dir=\"auto\">Teku\u0107i ra\u010dun: 160-6000000013893-80<\/div>\n<p>info@medika.edu.rs<br \/>\nwww.medika.edu.rs<\/p>\n<p>&nbsp;<\/p>\n<hr \/>\n<div dir=\"ltr\">Jelena Radumilo, sekretar \u0161kole<\/div>\n<div dir=\"ltr\"><a href=\"sekretar.medika@gmail.com\" target=\"_blank\" rel=\"noopener noreferrer\">sekretar.medika@gmail.com<\/a><\/div>\n<div dir=\"ltr\">\n<hr \/>\n<\/div>\n<div dir=\"ltr\">Andrijana Vukeli\u0107, referent studentske slu\u017ebe<br \/>\n<a href=\"mailto:skola.medika@gmail.com\">skola.medika@gmail.com<\/a><br \/>\ntelefon: 060 5022 169<\/div>\n<div dir=\"ltr\">\n<hr \/>\n<\/div>\n<div dir=\"ltr\">Jelena Gogi\u0107, referent studentske slu\u017ebe<\/div>\n<div dir=\"ltr\">\n<div><a href=\"mailto:medikabeograd@gmail.com\" target=\"_blank\" rel=\"noopener noreferrer\">medikabeograd@gmail.com<\/a>,<\/div>\n<div><a href=\"mailto:vzsss.medika@gmail.com\" target=\"_blank\" rel=\"noopener noreferrer\">vzsss.medika@gmail.com<\/a><br \/>\ntelefon: 060 5022 171<\/div>\n<\/div>\n<div dir=\"ltr\">\n<hr \/>\n<\/div>\n<p dir=\"ltr\">Zlata Joki\u0107, referent studentske slu\u017ebe<br \/>\n<a href=\"mailto:medikavisokaskola@gmail.com\">medikavisokaskola@gmail.com<\/a><br \/>\ntelefon: 060 5022 166<\/p>\n<hr \/>\n<p dir=\"ltr\">Ljiljana Gli\u0161i\u0107, referent studentske slu\u017ebe<br \/>\ntelefon: 060 5022 165<\/p>\n<hr \/>\n<p>Dragana Vasi\u0107, bibliotekar<br \/>\ntelefon: 060 5022 163<\/p>\n<hr \/>\n","protected":false},"excerpt":{"rendered":"<p>KONTAKT: Adresa: Mitropolita Petra br. 8, 11000 Beograd Telefon: +381 60 202 2150 PIB: 111749844 Mati\u010dni broj: 17922742 Teku\u0107i ra\u010dun: 160-6000000013893-80 info@medika.edu.rs www.medika.edu.rs &nbsp; Jelena [&hellip;]<\/p>\n","protected":false},"author":1,"featured_media":189,"parent":109,"menu_order":0,"comment_status":"closed","ping_status":"closed","template":"","meta":{"footnotes":""},"class_list":["post-110","page","type-page","status-publish","has-post-thumbnail","hentry"],"_links":{"self":[{"href":"https:\/\/medika.edu.rs\/index.php\/wp-json\/wp\/v2\/pages\/110","targetHints":{"allow":["GET"]}}],"collection":[{"href":"https:\/\/medika.edu.rs\/index.php\/wp-json\/wp\/v2\/pages"}],"about":[{"href":"https:\/\/medika.edu.rs\/index.php\/wp-json\/wp\/v2\/types\/page"}],"author":[{"embeddable":true,"href":"https:\/\/medika.edu.rs\/index.php\/wp-json\/wp\/v2\/users\/1"}],"replies":[{"embeddable":true,"href":"https:\/\/medika.edu.rs\/index.php\/wp-json\/wp\/v2\/comments?post=110"}],"version-history":[{"count":19,"href":"https:\/\/medika.edu.rs\/index.php\/wp-json\/wp\/v2\/pages\/110\/revisions"}],"predecessor-version":[{"id":1193,"href":"https:\/\/medika.edu.rs\/index.php\/wp-json\/wp\/v2\/pages\/110\/revisions\/1193"}],"up":[{"embeddable":true,"href":"https:\/\/medika.edu.rs\/index.php\/wp-json\/wp\/v2\/pages\/109"}],"wp:featuredmedia":[{"embeddable":true,"href":"https:\/\/medika.edu.rs\/index.php\/wp-json\/wp\/v2\/media\/189"}],"wp:attachment":[{"href":"https:\/\/medika.edu.rs\/index.php\/wp-json\/wp\/v2\/media?parent=110"}],"curies":[{"name":"wp","href":"https:\/\/api.w.org\/{rel}","templated":true}]}}