{"id":145,"date":"2019-10-25T07:15:29","date_gmt":"2019-10-25T07:15:29","guid":{"rendered":"https:\/\/medika.edu.rs\/?page_id=145"},"modified":"2019-11-06T21:27:00","modified_gmt":"2019-11-06T21:27:00","slug":"studies","status":"publish","type":"page","link":"https:\/\/medika.edu.rs\/index.php\/studies\/","title":{"rendered":"Studije"},"content":{"rendered":"<p>Visoka zdravstvena \u0161kola strukovnih studija \u201eMedika\u201c je samostalna visoko\u0161kolska ustanova koja realizuje trogodi\u0161nje studije (180 ESP bodova) na studijskim programima:<br \/>\n\u2022 Strukovna medicinska sestra<br \/>\n\u2022 Strukovni fizioterapeut<\/p>\n<h3><strong>STRUKOVNA MEDICINSKA SESTRA<\/strong><\/h3>\n<p>Sestrinstvo je jedna od osnovnih pro fesija zdravstvene struke, zasnovana na sistematizovanom korpusu multi disciplinarnih i specifi\u010dnih sestrinskih znanja i ve\u0161tina. Profesija je usmerena ka \u010duvanju, negovanju, unapre\u0111ivanju zdravlja celokupne populacije, le\u010denju, rehabilitaciji i resocijalizaciji obolelih. Za ostvarivanje ove funkcije neophodan je funkcionalan, efektivan i fleksibilan sistem obrazovanja, koji \u0107e studentu omogu\u0107iti da stekne znanja, ve\u0161tine i sposobnosti, radi efikasnog uklju\u010divanja u svet rada i nastavak \u0161kolovanja.<\/p>\n<h3><strong>STRUKOVNI FIZIOTERAPEUT<\/strong><\/h3>\n<p>Fizioterapeuti poma\u017eu bolesnim i povre\u0111enim osobama u pove\u0107anju pokretljivosti, ubla\u017eavanju bola te spre\u010davanju i ubla\u017eavanju trajnih posledica bolesti i povreda. Uloga fizioterapeuta pro\u0161iruje se i na spre\u010davanje bolova i bolesti sistema za kretanje podu\u010davanjem ljudi o pravilnom dr\u017eanju i kretanju. Trajno prate pacijentovo stanje i napredak i prema potrebi prilago\u0111avaju program fizioterapije. Prilikom rada, kao i \u0161kolovanjem, fizioterapeuti mogu razvijati posebne ve\u0161tine potrebne za rad na pedijatriji, gerontologiji, ortopediji, neurologiji, kardiologiji, ginekologiji ili u podru\u010dju sportske medicine.<\/p>\n<p><img loading=\"lazy\" decoding=\"async\" class=\"size-full wp-image-198 aligncenter\" src=\"https:\/\/medika.edu.rs\/wp-content\/uploads\/2019\/11\/Predmeti.jpg\" alt=\"\" width=\"1154\" height=\"1240\" srcset=\"https:\/\/medika.edu.rs\/wp-content\/uploads\/2019\/11\/Predmeti.jpg 1154w, https:\/\/medika.edu.rs\/wp-content\/uploads\/2019\/11\/Predmeti-279x300.jpg 279w, https:\/\/medika.edu.rs\/wp-content\/uploads\/2019\/11\/Predmeti-768x825.jpg 768w, https:\/\/medika.edu.rs\/wp-content\/uploads\/2019\/11\/Predmeti-953x1024.jpg 953w\" sizes=\"auto, (max-width: 1154px) 100vw, 1154px\" \/><\/p>\n","protected":false},"excerpt":{"rendered":"<p>Visoka zdravstvena \u0161kola strukovnih studija \u201eMedika\u201c je samostalna visoko\u0161kolska ustanova koja realizuje trogodi\u0161nje studije (180 ESP bodova) na studijskim programima: \u2022 Strukovna medicinska sestra \u2022 [&hellip;]<\/p>\n","protected":false},"author":1,"featured_media":82,"parent":0,"menu_order":0,"comment_status":"closed","ping_status":"closed","template":"","meta":{"footnotes":""},"class_list":["post-145","page","type-page","status-publish","has-post-thumbnail","hentry"],"_links":{"self":[{"href":"https:\/\/medika.edu.rs\/index.php\/wp-json\/wp\/v2\/pages\/145","targetHints":{"allow":["GET"]}}],"collection":[{"href":"https:\/\/medika.edu.rs\/index.php\/wp-json\/wp\/v2\/pages"}],"about":[{"href":"https:\/\/medika.edu.rs\/index.php\/wp-json\/wp\/v2\/types\/page"}],"author":[{"embeddable":true,"href":"https:\/\/medika.edu.rs\/index.php\/wp-json\/wp\/v2\/users\/1"}],"replies":[{"embeddable":true,"href":"https:\/\/medika.edu.rs\/index.php\/wp-json\/wp\/v2\/comments?post=145"}],"version-history":[{"count":6,"href":"https:\/\/medika.edu.rs\/index.php\/wp-json\/wp\/v2\/pages\/145\/revisions"}],"predecessor-version":[{"id":199,"href":"https:\/\/medika.edu.rs\/index.php\/wp-json\/wp\/v2\/pages\/145\/revisions\/199"}],"wp:featuredmedia":[{"embeddable":true,"href":"https:\/\/medika.edu.rs\/index.php\/wp-json\/wp\/v2\/media\/82"}],"wp:attachment":[{"href":"https:\/\/medika.edu.rs\/index.php\/wp-json\/wp\/v2\/media?parent=145"}],"curies":[{"name":"wp","href":"https:\/\/api.w.org\/{rel}","templated":true}]}}