{"id":154,"date":"2019-10-28T06:00:58","date_gmt":"2019-10-28T06:00:58","guid":{"rendered":"https:\/\/medika.edu.rs\/?page_id=154"},"modified":"2020-12-29T15:06:29","modified_gmt":"2020-12-29T15:06:29","slug":"partneri","status":"publish","type":"page","link":"https:\/\/medika.edu.rs\/index.php\/partneri\/","title":{"rendered":"Partneri"},"content":{"rendered":"<p>&#8211; <a href=\"http:\/\/www.vma.mod.gov.rs\/\">VMA<\/a><\/p>\n<p>&#8211; <a href=\"https:\/\/www.dzsvenac.rs\/\">Dom zdravlja Savski venac<\/a><\/p>\n<p>&#8211; <a href=\"http:\/\/pucukarica.rs\/\">Pred\u0161kolska ustanova \u010cukarica<\/a><\/p>\n<p>&#8211; <a href=\"https:\/\/www.vrticdolinacuda.rs\/\">Pred\u0161kolska ustanova Dolina \u010duda<\/a><\/p>\n<p>&#8211; <a href=\"http:\/\/www.zvecanska.org.rs\/\">Centar za za\u0161titu odoj\u010dadi, dece i omladine<\/a><\/p>\n<p>&#8211; <a href=\"https:\/\/srednjeskole.edukacija.rs\/drzavne-srednje-skole\/beograd\/savski-venac\/skola-za-ostecene-sluhom-nagluve-stefan-decanski\">\u0160kola za o\u0161te\u0107ene sluhom-nagluve \u201eStefan De\u010danski\u201c<\/a><\/p>\n<p>&#8211; <a href=\"https:\/\/zavod-egzakta.rs\/\">Egzakta Medikal Zavod za zdravstvenu za\u0161titu radnika<\/a><\/p>\n<p>&#8211; <a href=\"http:\/\/ordinacijamladenovic.rs\/\">Ginekolo\u0161ka ordinacija Mladenovi\u0107<\/a><\/p>\n<p>&#8211; <a href=\"https:\/\/srednjeskole.edukacija.rs\/drzavne-srednje-skole\/beograd\/zvezdara\/medicinska-skola\">Srednja medicinska \u0161kola Veljko Dugo\u0161evi\u0107<\/a><\/p>\n<p>&#8211; <a href=\"http:\/\/www.rehabilitacija.rs\/\">Klinika za rehabilitaciju Dr Miroslav Zotovi\u0107<\/a><\/p>\n<p>&#8211; <a href=\"https:\/\/www.bolnicaloznica.rs\/\">Op\u0161ta bolnica Loznica<\/a><\/p>\n<p>&#8211; <a href=\"https:\/\/heliant.rs\/\">Heliant<\/a><\/p>\n<div dir=\"ltr\"><a href=\"http:\/\/tirsova.rs\/\">&#8211; Tirsova &#8211; Univerzitetska decja klinika<\/a><\/div>\n<div dir=\"ltr\"><\/div>\n<div dir=\"ltr\">&#8211; Deamedic Ambulanta za fizikalnu medicinu i rehabilitaciju<\/div>\n<div dir=\"ltr\">\n<div dir=\"ltr\"><\/div>\n<div dir=\"ltr\"><a href=\"https:\/\/bolnicakrusevac.org.rs\/\">&#8211; Opsta bolnica Kursevac<\/a><\/div>\n<div dir=\"ltr\"><\/div>\n<div dir=\"ltr\">&#8211; <a href=\"http:\/\/gakfront.org\/\">GAK Narodni front<\/a><\/div>\n<\/div>\n<div><\/div>\n<div dir=\"ltr\"><a href=\"https:\/\/www.dentvaf.com\/\">&#8211; Stomatolo\u0161ka ordinacija DENT-VAF<\/a><\/div>\n<div><\/div>\n<div dir=\"ltr\">&#8211; Patohistolo\u0161ka laboratorija \u201ePATOLOGIJA-Dr Radosavljevi\u0107\u201c<\/div>\n<div dir=\"ltr\"><\/div>\n<div class=\"yj6qo\"><\/div>\n<div class=\"adL\"><\/div>\n","protected":false},"excerpt":{"rendered":"<p>&#8211; VMA &#8211; Dom zdravlja Savski venac &#8211; Pred\u0161kolska ustanova \u010cukarica &#8211; Pred\u0161kolska ustanova Dolina \u010duda &#8211; Centar za za\u0161titu odoj\u010dadi, dece i omladine &#8211; [&hellip;]<\/p>\n","protected":false},"author":1,"featured_media":0,"parent":0,"menu_order":0,"comment_status":"closed","ping_status":"closed","template":"","meta":{"footnotes":""},"class_list":["post-154","page","type-page","status-publish","hentry"],"_links":{"self":[{"href":"https:\/\/medika.edu.rs\/index.php\/wp-json\/wp\/v2\/pages\/154","targetHints":{"allow":["GET"]}}],"collection":[{"href":"https:\/\/medika.edu.rs\/index.php\/wp-json\/wp\/v2\/pages"}],"about":[{"href":"https:\/\/medika.edu.rs\/index.php\/wp-json\/wp\/v2\/types\/page"}],"author":[{"embeddable":true,"href":"https:\/\/medika.edu.rs\/index.php\/wp-json\/wp\/v2\/users\/1"}],"replies":[{"embeddable":true,"href":"https:\/\/medika.edu.rs\/index.php\/wp-json\/wp\/v2\/comments?post=154"}],"version-history":[{"count":8,"href":"https:\/\/medika.edu.rs\/index.php\/wp-json\/wp\/v2\/pages\/154\/revisions"}],"predecessor-version":[{"id":495,"href":"https:\/\/medika.edu.rs\/index.php\/wp-json\/wp\/v2\/pages\/154\/revisions\/495"}],"wp:attachment":[{"href":"https:\/\/medika.edu.rs\/index.php\/wp-json\/wp\/v2\/media?parent=154"}],"curies":[{"name":"wp","href":"https:\/\/api.w.org\/{rel}","templated":true}]}}