{"id":156,"date":"2019-10-28T06:03:16","date_gmt":"2019-10-28T06:03:16","guid":{"rendered":"https:\/\/medika.edu.rs\/?page_id=156"},"modified":"2019-11-06T09:25:31","modified_gmt":"2019-11-06T09:25:31","slug":"klinicki-centar-srbije","status":"publish","type":"page","link":"https:\/\/medika.edu.rs\/index.php\/partneri\/klinicki-centar-srbije\/","title":{"rendered":"Klini\u010dki centar Srbije"},"content":{"rendered":"<p><strong>Klini\u010dki centar Srbije &#8211; vrhunska ustanova zdravstvene za\u0161tite<br \/>\n<\/strong>Klini\u010dki centar Srbije, sa sedi\u0161tem u Beogradu, jedinstvena je zdravstvena ustanova, nastala udru\u017eivanjem klinika i instituta Medicinskog fakulteta u Beogradu. Formirana je kao nova organizacija: Klini\u010dki centar Medicinskog fakulteta, prvog januara 1983. godine. U svom sastavu KCS ima ukupno 41 organizacionu jedinicu: 23 klinike, devet centara, polikliniku i devet slu\u017ebi za uslu\u017ene delatnosti.<\/p>\n<p><strong>Delatnost<br \/>\n<\/strong>U Klini\u010dkom centru Srbije le\u010de se najte\u017ei pacijenti, na raspolaganju je gra\u0111anima za neodlo\u017eno zbrinjavanje \u017eivotno ugro\u017eenih povre\u0111enih i hitnih pacijenata 365 dana u godini 24 sata dnevno. Kao referentna ustanova zdravstva, KCS sprovodi visokospecijalizovanu dijagnostiku, le\u010denje i konsultativne specijalisti\u010dke i subspecijalisti\u010dke preglede najte\u017eih bolesnika. KCS je tako\u0111e i medicinski nau\u010dno-istra\u017eiva\u010dki centar i nastavna baza Medicinskog fakulteta Univerziteta u Beogradu za dodiplomsko i poslediplomsko akademsko obrazovanje i stru\u010dno obrazovanje za lekare na sta\u017eu i specijalizaciji, kao i obrazovna baza za studente fakulteta zdravstvene struke. U dugoj tradiciji ove ustanove, ura\u0111eno je mnogo na unapre\u0111enju zdravlja i primeni novih tehnologija, novih medicinskih procedura u dijagnostici i le\u010denju.<\/p>\n<p><strong>Resursi<br \/>\n<\/strong>Kao referentna ustanova za medicinsku edukaciju, KCS posebnu pa\u017enju posve\u0107uje akademskom obrazovanju zaposlenih. U ovoj ustanovi radi nekoliko akademika, tako\u0111e veliki broj doktora medicinskih nauka, magistara, subspecijalizanata i specijalista iz svih grana medicine. Sa vi\u0161e od sedam hiljada zaposlenih, KCS je najve\u0107i je pru\u017ealac zdravstvenih usluga u Srbiji i jedan od najve\u0107ih u Evropi, u kojem se godi\u0161nje zbrine vi\u0161e od milion pacijenata. U stacionarnoj delatnosti KCS godi\u0161nje se le\u010di vi\u0161e od 90 000 bolesnika, ostvari se vi\u0161e od 950 000 bolesni\u010dkih dana le\u010denja, obavi preko 50 000 operacija i vi\u0161e od 7.000 poro\u0111aja. U dnevnim bolnicama godi\u0161nje se le\u010di 25 000 bolesnika i obavi preko 5.000 operacija. Kompleks KCS sme\u0161ten je na povr\u0161ini od 34 hektara u \u0161irem centru Beogradu, na op\u0161tini Savski venac. U njegvom sastavu je vi\u0161e od 50 odvojenih zgrada paviljonskog tipa, povr\u0161ine oko 280 000 m2, od kojih su \u010detiri objekta (plasti\u010dna hirurgija, urologija, ortopedska hirurgija i psihijatrijska bolnica na Avali) izvan centra bolni\u010dkog kompleksa.<\/p>\n","protected":false},"excerpt":{"rendered":"<p>Klini\u010dki centar Srbije &#8211; vrhunska ustanova zdravstvene za\u0161tite Klini\u010dki centar Srbije, sa sedi\u0161tem u Beogradu, jedinstvena je zdravstvena ustanova, nastala udru\u017eivanjem klinika i instituta Medicinskog [&hellip;]<\/p>\n","protected":false},"author":1,"featured_media":157,"parent":154,"menu_order":0,"comment_status":"closed","ping_status":"closed","template":"","meta":{"footnotes":""},"class_list":["post-156","page","type-page","status-publish","has-post-thumbnail","hentry"],"_links":{"self":[{"href":"https:\/\/medika.edu.rs\/index.php\/wp-json\/wp\/v2\/pages\/156","targetHints":{"allow":["GET"]}}],"collection":[{"href":"https:\/\/medika.edu.rs\/index.php\/wp-json\/wp\/v2\/pages"}],"about":[{"href":"https:\/\/medika.edu.rs\/index.php\/wp-json\/wp\/v2\/types\/page"}],"author":[{"embeddable":true,"href":"https:\/\/medika.edu.rs\/index.php\/wp-json\/wp\/v2\/users\/1"}],"replies":[{"embeddable":true,"href":"https:\/\/medika.edu.rs\/index.php\/wp-json\/wp\/v2\/comments?post=156"}],"version-history":[{"count":1,"href":"https:\/\/medika.edu.rs\/index.php\/wp-json\/wp\/v2\/pages\/156\/revisions"}],"predecessor-version":[{"id":158,"href":"https:\/\/medika.edu.rs\/index.php\/wp-json\/wp\/v2\/pages\/156\/revisions\/158"}],"up":[{"embeddable":true,"href":"https:\/\/medika.edu.rs\/index.php\/wp-json\/wp\/v2\/pages\/154"}],"wp:featuredmedia":[{"embeddable":true,"href":"https:\/\/medika.edu.rs\/index.php\/wp-json\/wp\/v2\/media\/157"}],"wp:attachment":[{"href":"https:\/\/medika.edu.rs\/index.php\/wp-json\/wp\/v2\/media?parent=156"}],"curies":[{"name":"wp","href":"https:\/\/api.w.org\/{rel}","templated":true}]}}