{"id":251,"date":"2019-12-21T13:15:15","date_gmt":"2019-12-21T13:15:15","guid":{"rendered":"https:\/\/medika.edu.rs\/?page_id=251"},"modified":"2019-12-21T13:29:05","modified_gmt":"2019-12-21T13:29:05","slug":"vojno-medicinska-akademija","status":"publish","type":"page","link":"https:\/\/medika.edu.rs\/index.php\/partneri\/vojno-medicinska-akademija\/","title":{"rendered":"Vojno medicinska akademija"},"content":{"rendered":"<div><strong><em>Kada ka\u017eete Vojnomedicinska akademija, na \u0161ta mislite?<\/em><\/strong><\/div>\n<div>Da je stru\u010dna ustanova sa dugom tradicijom kojoj se veruje? VMA je vrhunska medicinska, obrazovna i nau\u010dnoistra\u017eiva\u010dka institucija sa me\u0111unarodno priznatom reputacijom. To je vojna bolnica tzv. &#8220;centralnog tipa&#8221; gde se za deset minuta mo\u017ee oformiti konzilijum medicinskih stru\u010dnjaka za svaku vrstu intervencije. Osnovana 1844. godine danas u svom sastavu ima Medicinski fakultet koji \u0161koluje budu\u0107e generacije vojnih lekara i poznata je kao centar zna\u010dajnih nau\u010dnoistra\u017eiva\u010dkih aktivnosti.<\/div>\n<div><\/div>\n<div><strong><em>Da je to najve\u0107a vojna bolnica u Srbiji, Jugoisto\u010dnoj Evropi i jedna od najve\u0107ih u svetu?<\/em><\/strong><\/div>\n<div>Jeste, sa svojim kapacitetom od 1.200 kreveta, kompleks VMA se prostire na 21 hektar, sama zgrada ima oko 180.000 kvadratnih metara i podeljena je u vi\u0161e od 60 tehni\u010dko tehnolo\u0161kih celina sa oko 6.000 prostorija. VMA ima 27 klinika, 17 instituta, Specijalisti\u010dku polikliniku, Nacionalni centar za kontrolu trovanja, Centar hitne pomo\u0107i i Centar za transplantaciju solidnih organa\u00a0u kojima se sprovodi vi\u0161e od 5.000 razli\u010ditih dijagnosti\u010dkih i terapijskih procedura. VMA se nalazi u sastavu Ministarstva odbrane i zahvaljuju\u0107i vojnoj\u00a0organizaciji i predanosti zaposlenih, priznata\u00a0je\u00a0i nagra\u0111ivana kao medicinska ustanova ure\u0111ena po najvi\u0161im svetskim standardima. Me\u0111unarodna saradnja veoma intenzivno se sprovodi kroz brojne aktivnosti od kojih je jedna od najzna\u010dajnijih u\u010de\u0161\u0107e vojnomedicinskog osoblja u mirovnim misijama.<\/div>\n<div><\/div>\n<div><strong><em>Da je to mesto gde se le\u010de vojni osiguranici, politi\u010dki establi\u0161ment i diplomatski kor?\u00a0<\/em><\/strong><\/div>\n<div>Da, tako\u0111e VMA je uvek bila otvorena za sve gra\u0111ane, a od pre nekoliko godina je potpuno integrisana u republi\u010dki zdravstveni sistem i le\u010di 40 posto civilnih osiguranika. Godi\u0161nje se na VMA pregleda vi\u0161e od 230.000 civilnih osiguranika od kojih se vi\u0161e od 20.000 hospitalizuje. Sem toga, svake srede Centar za hitnu pomo\u0107 VMA de\u017eurna je hitna slu\u017eba za sve gra\u0111ane Srbije. Kad mi ka\u017eemo VMA, mislimo na\u00a0najbolju\u00a0uslugu koju mo\u017eemo da pru\u017eimo na\u0161im pacijentima.<\/div>\n<div><\/div>\n<div><\/div>\n<div><a href=\"http:\/\/www.vma.mod.gov.rs\/\"><img loading=\"lazy\" decoding=\"async\" class=\"size-full wp-image-256 aligncenter\" src=\"https:\/\/medika.edu.rs\/wp-content\/uploads\/2019\/12\/VMA.jpg\" alt=\"\" width=\"456\" height=\"649\" srcset=\"https:\/\/medika.edu.rs\/wp-content\/uploads\/2019\/12\/VMA.jpg 456w, https:\/\/medika.edu.rs\/wp-content\/uploads\/2019\/12\/VMA-211x300.jpg 211w\" sizes=\"auto, (max-width: 456px) 100vw, 456px\" \/><\/a><\/div>\n","protected":false},"excerpt":{"rendered":"<p>Kada ka\u017eete Vojnomedicinska akademija, na \u0161ta mislite? Da je stru\u010dna ustanova sa dugom tradicijom kojoj se veruje? VMA je vrhunska medicinska, obrazovna i nau\u010dnoistra\u017eiva\u010dka institucija [&hellip;]<\/p>\n","protected":false},"author":1,"featured_media":257,"parent":154,"menu_order":0,"comment_status":"closed","ping_status":"closed","template":"","meta":{"footnotes":""},"class_list":["post-251","page","type-page","status-publish","has-post-thumbnail","hentry"],"_links":{"self":[{"href":"https:\/\/medika.edu.rs\/index.php\/wp-json\/wp\/v2\/pages\/251","targetHints":{"allow":["GET"]}}],"collection":[{"href":"https:\/\/medika.edu.rs\/index.php\/wp-json\/wp\/v2\/pages"}],"about":[{"href":"https:\/\/medika.edu.rs\/index.php\/wp-json\/wp\/v2\/types\/page"}],"author":[{"embeddable":true,"href":"https:\/\/medika.edu.rs\/index.php\/wp-json\/wp\/v2\/users\/1"}],"replies":[{"embeddable":true,"href":"https:\/\/medika.edu.rs\/index.php\/wp-json\/wp\/v2\/comments?post=251"}],"version-history":[{"count":6,"href":"https:\/\/medika.edu.rs\/index.php\/wp-json\/wp\/v2\/pages\/251\/revisions"}],"predecessor-version":[{"id":261,"href":"https:\/\/medika.edu.rs\/index.php\/wp-json\/wp\/v2\/pages\/251\/revisions\/261"}],"up":[{"embeddable":true,"href":"https:\/\/medika.edu.rs\/index.php\/wp-json\/wp\/v2\/pages\/154"}],"wp:featuredmedia":[{"embeddable":true,"href":"https:\/\/medika.edu.rs\/index.php\/wp-json\/wp\/v2\/media\/257"}],"wp:attachment":[{"href":"https:\/\/medika.edu.rs\/index.php\/wp-json\/wp\/v2\/media?parent=251"}],"curies":[{"name":"wp","href":"https:\/\/api.w.org\/{rel}","templated":true}]}}