{"id":344,"date":"2020-03-10T09:55:11","date_gmt":"2020-03-10T09:55:11","guid":{"rendered":"https:\/\/medika.edu.rs\/?page_id=344"},"modified":"2025-08-15T06:35:56","modified_gmt":"2025-08-15T06:35:56","slug":"akreditacija","status":"publish","type":"page","link":"https:\/\/medika.edu.rs\/index.php\/about-us\/akreditacija\/","title":{"rendered":"Akreditacija"},"content":{"rendered":"<p>&nbsp;<\/p>\n<p>Na osnovu Odluke Komisije za akreditaciju i proveru kvaliteta broj 612-00-00378\/11\/2019-03 od 19.02.2020. godine, Nacionalno telo za akreditaciju i proveru kvaliteta u visokom obrazovanju izdalo je Uverenje o akreditaciji visoko\u0161kolske ustanove broj 612-00-00378\/12\/2019-03 od 19.02.2020. godine.<br \/>\nKako je ustanova ispunila sve standarde za akreditaciju visoko\u0161kolskih ustanova, visoko\u0161kolska ustanova Visoka zdravstvena \u0161kola strukovnih studija ,,Medika\u201c je akreditovana.<\/p>\n<p>Na osnovu Odluke Komisije za akreditaciju i proveru kvaliteta broj 612-00-00379\/11\/2019-03 od 20.02.2020. godine, Nacionalno telo za akreditaciju i proveru kvaliteta u visokom obrazovanju izdalo je Uverenje o akreditaciji studijskog programa broj 612-00-00379\/12\/2019-03 od 20.02.2020. godine.<br \/>\nKako je ustanova ispunila sve standarde za akreditaciju studijskog programa, studijski program OSS Strukovna medicinska sestra u okviru polja medicinskih nauka i to za upis 40 ( \u010detrdeset ) studenata u sedi\u0161tu ustanove je akreditovan.<\/p>\n<p>Na osnovu Odluke Komisije za akreditaciju i proveru kvaliteta broj 612-00-00380\/11\/2019-03 od 20.02.2020. godine, Nacionalno telo za akreditaciju i proveru kvaliteta u visokom obrazovanju izdalo je Uverenje o akreditaciji studijskog programa broj 612-00-00380\/12\/2019-03 od 20.02.2020. godine.<br \/>\nKako je ustanova ispunila sve standarde za akreditaciju studijskog programa, studijski program OSS Strukovni fizioterapeut u okviru polja medicinskih nauka i to za upis 40 ( \u010detrdeset ) studenata u sedi\u0161tu ustanove je akreditovan.<\/p>\n<p>Na osnovu Odluke Komisije za akreditaciju i proveru kvaliteta broj 612-00-00380\/11\/2019-03 od 21.04.2020. godine, Nacionalno telo za akreditaciju i proveru kvaliteta u visokom obrazovanju izdalo je Uverenje o akreditaciji studijskog programa broj 612-00-00380\/12\/2019-03 od 21.04.2020. godine.<br \/>\nKako je ustanova ispunila sve standarde za akreditaciju studijskog programa, studijski program MSS Master manad\u017ement u zdravstvu u okviru polja medicinskih nauka i to za upis 21 ( dvadeset i jedan ) studenta u sedi\u0161tu ustanove je akreditovan.<\/p>\n<p>LINKOVI:<\/p>\n<p><a href=\"https:\/\/medika.edu.rs\/wp-content\/uploads\/2020\/05\/Uverenje-o-akreditaciji-visokoskolske-ustanove.pdf\">Uverenje o akreditaciji visoko\u0161kolske ustanove &#8211; LINK<\/a><\/p>\n<p><a href=\"https:\/\/medika.edu.rs\/wp-content\/uploads\/2020\/05\/Uverenje-o-akreditaciji-studijskog-programa-strukovna-medicinska-sestra.pdf\">Akreditacija studentskog programa &#8211; Strukovna medicinska sestra &#8211; LINK<\/a><\/p>\n<p><a href=\"https:\/\/medika.edu.rs\/wp-content\/uploads\/2020\/05\/uverenje-o-akreditaciji-studijskog-programa-strukovni-fizioterapeut.pdf\">Akreditacija strudijskog programa &#8211; Strukovni fizioterapeut &#8211; LINK<\/a><\/p>\n<p><a href=\"https:\/\/medika.edu.rs\/wp-content\/uploads\/2020\/05\/Uverenje-o-akreditaciji-studijskog-programa-master-menadzment-u-zdravstvu.pdf\">Akreditacija studijskog programa &#8211; Master menad\u017ement u zdravstvu &#8211; LINK<\/a><\/p>\n<p><a href=\"https:\/\/medika.edu.rs\/wp-content\/uploads\/2021\/08\/\u0414\u043e\u043f\u0443\u043d\u0430-\u0423\u0432\u0435\u0440\u0435\u045a\u0430-\u043e-\u0430\u043a\u0440\u0435\u0434\u0438\u0442\u0430\u0446\u0438\u0458\u0438-\u0421\u041c\u0421.pdf\">Dopuna uverenja o akreditaciji\u00a0 SMS &#8211; LINK<\/a><\/p>\n<p><a href=\"https:\/\/medika.edu.rs\/wp-content\/uploads\/2025\/08\/Dopuna-uverenja-o-akreditaciji-OSS-SMS.pdf\">Dopuna uverenja o akreditaciji OSS SMS<\/a><\/p>\n<p><a href=\"https:\/\/medika.edu.rs\/wp-content\/uploads\/2025\/08\/Dopuna-uverenja-o-akreditaciji-OSS-SMS-VSJ-Krusevac.pdf\">Dopuna uverenja o akreditaciji OSS SMS V\u0160J Kru\u0161evac<\/a><\/p>\n<p><a href=\"https:\/\/medika.edu.rs\/wp-content\/uploads\/2025\/08\/Resenje-o-izmeni-dozvole-za-rad.pdf\">Re\u0161enje o izmeni dozvole za rad<\/a><\/p>\n<p><a href=\"https:\/\/medika.edu.rs\/wp-content\/uploads\/2021\/08\/\u0410\u043a\u0440\u0435\u0434\u0438\u0442\u0430\u0446\u0438\u0458\u0430-\u0412\u0438\u0441\u043e\u043a\u043e\u0448\u043a\u043e\u043b\u0441\u043a\u0435-\u0458\u0435\u0434\u0438\u043d\u0438\u0446\u0435-\u041a\u0440\u0443\u0448\u0435\u0432\u0430\u0446-\u0438-\u0434\u043e\u0437\u0432\u043e\u043b\u0430-\u0437\u0430-\u0440\u0430\u0434.pdf\">Akreditacija studijskog programa Vsoko\u0161kolska jedinica Kru\u0161evac &#8211; LINK<\/a><\/p>\n<p><a href=\"https:\/\/medika.edu.rs\/wp-content\/uploads\/2023\/05\/\u0414\u043e\u0437\u0432\u043e\u043b\u0430-\u0437\u0430-\u0440\u0430\u0434-10.10.2019..pdf\">Dozvola za rad 10.10.2019.<\/a><\/p>\n<p><a href=\"https:\/\/medika.edu.rs\/wp-content\/uploads\/2023\/05\/\u0414\u043e\u0437\u0432\u043e\u043b\u0430-\u0437\u0430-\u0440\u0430\u0434-13.05.2020..pdf\">Dozvola za rad 13.05.2020.<\/a><\/p>\n<p><a href=\"https:\/\/medika.edu.rs\/wp-content\/uploads\/2023\/05\/\u0420\u0435\u0448\u0435\u045a\u0435-\u043e-\u0438\u0437\u043c\u0435\u043d\u0438-\u0434\u043e\u0437\u0432\u043e\u043b\u0435-\u0437\u0430-\u0440\u0430\u0434.pdf\">Re\u0161enje o izmeni dozvole za rad<\/a><\/p>\n<p><a href=\"https:\/\/medika.edu.rs\/wp-content\/uploads\/2023\/05\/\u0420\u0435\u0448\u0435\u045a\u0435-\u043e-\u0434\u043e\u043f\u0443\u043d\u0438-\u0434\u043e\u0437\u0432\u043e\u043b\u0435-\u0437\u0430-\u0440\u0430\u0434.pdf\">Re\u0161enje o dopuni dozvole za rad<\/a><\/p>\n","protected":false},"excerpt":{"rendered":"<p>&nbsp; Na osnovu Odluke Komisije za akreditaciju i proveru kvaliteta broj 612-00-00378\/11\/2019-03 od 19.02.2020. godine, Nacionalno telo za akreditaciju i proveru kvaliteta u visokom obrazovanju [&hellip;]<\/p>\n","protected":false},"author":1,"featured_media":0,"parent":109,"menu_order":0,"comment_status":"closed","ping_status":"closed","template":"","meta":{"footnotes":""},"class_list":["post-344","page","type-page","status-publish","hentry"],"_links":{"self":[{"href":"https:\/\/medika.edu.rs\/index.php\/wp-json\/wp\/v2\/pages\/344","targetHints":{"allow":["GET"]}}],"collection":[{"href":"https:\/\/medika.edu.rs\/index.php\/wp-json\/wp\/v2\/pages"}],"about":[{"href":"https:\/\/medika.edu.rs\/index.php\/wp-json\/wp\/v2\/types\/page"}],"author":[{"embeddable":true,"href":"https:\/\/medika.edu.rs\/index.php\/wp-json\/wp\/v2\/users\/1"}],"replies":[{"embeddable":true,"href":"https:\/\/medika.edu.rs\/index.php\/wp-json\/wp\/v2\/comments?post=344"}],"version-history":[{"count":11,"href":"https:\/\/medika.edu.rs\/index.php\/wp-json\/wp\/v2\/pages\/344\/revisions"}],"predecessor-version":[{"id":1591,"href":"https:\/\/medika.edu.rs\/index.php\/wp-json\/wp\/v2\/pages\/344\/revisions\/1591"}],"up":[{"embeddable":true,"href":"https:\/\/medika.edu.rs\/index.php\/wp-json\/wp\/v2\/pages\/109"}],"wp:attachment":[{"href":"https:\/\/medika.edu.rs\/index.php\/wp-json\/wp\/v2\/media?parent=344"}],"curies":[{"name":"wp","href":"https:\/\/api.w.org\/{rel}","templated":true}]}}