{"id":481,"date":"2020-12-29T14:52:51","date_gmt":"2020-12-29T14:52:51","guid":{"rendered":"https:\/\/medika.edu.rs\/?page_id=481"},"modified":"2021-03-09T23:13:51","modified_gmt":"2021-03-09T23:13:51","slug":"utisci-studenata","status":"publish","type":"page","link":"https:\/\/medika.edu.rs\/index.php\/utisci-studenata\/","title":{"rendered":"Utisci studenata"},"content":{"rendered":"<p><img loading=\"lazy\" decoding=\"async\" class=\"alignleft wp-image-483\" src=\"https:\/\/medika.edu.rs\/wp-content\/uploads\/2020\/12\/Nasi-studenti-179x300.jpg\" alt=\"\" width=\"290\" height=\"486\" srcset=\"https:\/\/medika.edu.rs\/wp-content\/uploads\/2020\/12\/Nasi-studenti-179x300.jpg 179w, https:\/\/medika.edu.rs\/wp-content\/uploads\/2020\/12\/Nasi-studenti-768x1287.jpg 768w, https:\/\/medika.edu.rs\/wp-content\/uploads\/2020\/12\/Nasi-studenti-611x1024.jpg 611w, https:\/\/medika.edu.rs\/wp-content\/uploads\/2020\/12\/Nasi-studenti.jpg 900w\" sizes=\"auto, (max-width: 290px) 100vw, 290px\" \/><\/p>\n<p style=\"font-weight: 400;\"><em>&#8220;Za ovaj smer sam se opredelila kako bi unapredila svoje ve\u0107 ste\u010deno znanje.<\/em><\/p>\n<p style=\"font-weight: 400;\"><em>Sa profesorima je komunikacija i saradnja na visokom nivou.<\/em><\/p>\n<p style=\"font-weight: 400;\"><em>Organizacija zbog epidemiolo\u0161ke situacije je organizovana on-line ali se taj prelaz skoro pa nije ni osetio. Dakle nastavni kadar, program i znanje koje se sti\u010de je neporcenjivo.&#8221;<\/em><\/p>\n<p style=\"font-weight: 400;\"><strong><em>Ivana, student II godina smera strukovni fizioterapeut<\/em><\/strong><\/p>\n<p>&nbsp;<\/p>\n<p style=\"font-weight: 400;\"><em>&#8220;Za `Mediku` sam se opredelila jer su stru\u010dna praksa i predavanja uskla\u0111eni sa obavezama zaposlenih studenata.<\/em><\/p>\n<p style=\"font-weight: 400;\"><em>Komunikacija sa profesorima je brza, efikasna i jasna.<\/em><\/p>\n<p style=\"font-weight: 400;\"><em>Iako je pandemija koja ote\u017eava predavanja i realizaciju stru\u010dne prakse, organizacija i predavanja putem interneta su na visokom nivou i pru\u017eeno nam je adekvatno znanje.&#8221;<\/em><\/p>\n<p style=\"font-weight: 400;\"><em><strong>Dina, smer strukovna mesicinska sestra, student tre\u0107e godine<\/strong><\/em><\/p>\n<p>&nbsp;<\/p>\n<p>&nbsp;<\/p>\n<p><strong>\u201eNa\u0161i studenti su uvek tu za svoje pacijente\u201c<\/strong><\/p>\n","protected":false},"excerpt":{"rendered":"<p>&#8220;Za ovaj smer sam se opredelila kako bi unapredila svoje ve\u0107 ste\u010deno znanje. Sa profesorima je komunikacija i saradnja na visokom nivou. Organizacija zbog epidemiolo\u0161ke [&hellip;]<\/p>\n","protected":false},"author":1,"featured_media":0,"parent":0,"menu_order":0,"comment_status":"closed","ping_status":"closed","template":"","meta":{"footnotes":""},"class_list":["post-481","page","type-page","status-publish","hentry"],"_links":{"self":[{"href":"https:\/\/medika.edu.rs\/index.php\/wp-json\/wp\/v2\/pages\/481","targetHints":{"allow":["GET"]}}],"collection":[{"href":"https:\/\/medika.edu.rs\/index.php\/wp-json\/wp\/v2\/pages"}],"about":[{"href":"https:\/\/medika.edu.rs\/index.php\/wp-json\/wp\/v2\/types\/page"}],"author":[{"embeddable":true,"href":"https:\/\/medika.edu.rs\/index.php\/wp-json\/wp\/v2\/users\/1"}],"replies":[{"embeddable":true,"href":"https:\/\/medika.edu.rs\/index.php\/wp-json\/wp\/v2\/comments?post=481"}],"version-history":[{"count":7,"href":"https:\/\/medika.edu.rs\/index.php\/wp-json\/wp\/v2\/pages\/481\/revisions"}],"predecessor-version":[{"id":503,"href":"https:\/\/medika.edu.rs\/index.php\/wp-json\/wp\/v2\/pages\/481\/revisions\/503"}],"wp:attachment":[{"href":"https:\/\/medika.edu.rs\/index.php\/wp-json\/wp\/v2\/media?parent=481"}],"curies":[{"name":"wp","href":"https:\/\/api.w.org\/{rel}","templated":true}]}}