{"id":527,"date":"2021-05-31T21:10:00","date_gmt":"2021-05-31T21:10:00","guid":{"rendered":"https:\/\/medika.edu.rs\/?page_id=527"},"modified":"2022-05-31T11:20:04","modified_gmt":"2022-05-31T11:20:04","slug":"uprava","status":"publish","type":"page","link":"https:\/\/medika.edu.rs\/index.php\/about-us\/uprava\/","title":{"rendered":"Uprava"},"content":{"rendered":"<div class=\"wptb-container-legacy\" data-table-id=\"530\">\n    <table class=\"wptb-preview-table wptb-table-preview-head wptb-table-preview-static-indic\" data-reconstraction=\"1\" data-wptb-adaptive-table=\"1\" data-wptb-table-tds-sum-max-width=\"260\" data-wptb-cells-width-auto-count=\"2\" style=\"\" data-table-columns=\"2\"><tbody><tr class=\"wptb-row wptb-table-head\" style=\"background-color: rgb(30, 115, 190);\"><td class=\"wptb-cell\" data-x-index=\"0\" data-wptb-css-td-auto-width=\"true\"><div class=\"wptb-text-container wptb-ph-element wptb-item-javascript-indic wptb-element-text-1\" style=\"color: rgb(255, 255, 255);\"><div class=\"\" style=\"position: relative;\"><p style=\"text-align: left;\"><strong>Funkcija<\/strong><\/p><\/div><\/div><\/td><td class=\"wptb-cell\" data-x-index=\"1\" data-wptb-css-td-auto-width=\"true\"><div class=\"wptb-text-container wptb-ph-element wptb-item-javascript-indic wptb-element-text-2\" style=\"color: rgb(255, 255, 255);\"><div class=\"\" style=\"position: relative;\"><p style=\"text-align: left;\"><strong>Ime i prezime<\/strong><\/p><\/div><\/div><\/td><\/tr><tr class=\"wptb-row\"><td class=\"wptb-cell\" data-x-index=\"0\" data-wptb-css-td-auto-width=\"true\" data-wptb-title-column=\"Funkcija\" data-wptb-title-column-font-size=\"\" data-wptb-title-column-color=\"rgb(255, 255, 255)\" data-wptb-title-background-color=\"rgb(30, 115, 190)\" data-wptb-title-align=\"left\"><div class=\"wptb-column-title-mobile-container\"><div class=\"wptb-column-title-mobile\" data-wptb-title-column=\"Funkcija\" style=\"font-size:; \n                        color:rgb(255, 255, 255); background-color:rgb(30, 115, 190); text-align:left;\"><\/div><\/div><div class=\"wptb-text-container wptb-ph-element wptb-item-javascript-indic wptb-element-text-3\"><div class=\"\" style=\"position: relative;\"><p>Direktor<\/p><\/div><\/div><\/td><td class=\"wptb-cell\" data-x-index=\"1\" data-wptb-css-td-auto-width=\"true\" data-wptb-title-column=\"Ime i prezime\" data-wptb-title-column-font-size=\"\" data-wptb-title-column-color=\"rgb(255, 255, 255)\" data-wptb-title-background-color=\"rgb(30, 115, 190)\" data-wptb-title-align=\"left\"><div class=\"wptb-column-title-mobile-container\"><div class=\"wptb-column-title-mobile\" data-wptb-title-column=\"Ime i prezime\" style=\"font-size:; \n                        color:rgb(255, 255, 255); background-color:rgb(30, 115, 190); text-align:left;\"><\/div><\/div><div class=\"wptb-text-container wptb-ph-element wptb-item-javascript-indic wptb-element-text-4\"><div class=\"\" style=\"position: relative;\"><p>Prof. dr Miroslav Kne\u017eevi\u0107<\/p><\/div><\/div><\/td><\/tr><tr class=\"wptb-row\"><td class=\"wptb-cell\" style=\"null\" data-x-index=\"0\" data-wptb-css-td-auto-width=\"true\" data-wptb-title-column=\"Funkcija\" data-wptb-title-column-font-size=\"\" data-wptb-title-column-color=\"rgb(255, 255, 255)\" data-wptb-title-background-color=\"rgb(30, 115, 190)\" data-wptb-title-align=\"left\"><div class=\"wptb-column-title-mobile-container\"><div class=\"wptb-column-title-mobile\" data-wptb-title-column=\"Funkcija\" style=\"font-size:; \n                        color:rgb(255, 255, 255); background-color:rgb(30, 115, 190); text-align:left;\"><\/div><\/div><div class=\"wptb-text-container wptb-ph-element wptb-item-javascript-indic wptb-element-text-5\"><div class=\"\" style=\"position: relative;\"><p>Sekretar \u0161kole<\/p><\/div><\/div><\/td><td class=\"wptb-cell\" style=\"null\" data-x-index=\"1\" data-wptb-css-td-auto-width=\"true\" data-wptb-title-column=\"Ime i prezime\" data-wptb-title-column-font-size=\"\" data-wptb-title-column-color=\"rgb(255, 255, 255)\" data-wptb-title-background-color=\"rgb(30, 115, 190)\" data-wptb-title-align=\"left\"><div class=\"wptb-column-title-mobile-container\"><div class=\"wptb-column-title-mobile\" data-wptb-title-column=\"Ime i prezime\" style=\"font-size:; \n                        color:rgb(255, 255, 255); background-color:rgb(30, 115, 190); text-align:left;\"><\/div><\/div><div class=\"wptb-text-container wptb-ph-element wptb-item-javascript-indic wptb-element-text-6\"><div class=\"\"><p>dipl. pravnik, Jelena Radumilo<\/p><\/div><\/div><\/td><\/tr><\/tbody><\/table>\n<\/div>\n\n<div dir=\"ltr\">Mati\u010dni broj: 17922742<\/div>\n<div dir=\"ltr\">PIB: 111749844<\/div>\n<div dir=\"ltr\">\u017diro ra\u010dun: 160-6000000013893-80<\/div>\n<div dir=\"ltr\"><\/div>\n<div dir=\"ltr\">Radno vreme studentske slu\u017ebe je od 09:00h do 16:00h<\/div>\n","protected":false},"excerpt":{"rendered":"<p>Mati\u010dni broj: 17922742 PIB: 111749844 \u017diro ra\u010dun: 160-6000000013893-80 Radno vreme studentske slu\u017ebe je od 09:00h do 16:00h<\/p>\n","protected":false},"author":1,"featured_media":0,"parent":109,"menu_order":0,"comment_status":"closed","ping_status":"closed","template":"","meta":{"footnotes":""},"class_list":["post-527","page","type-page","status-publish","hentry"],"_links":{"self":[{"href":"https:\/\/medika.edu.rs\/index.php\/wp-json\/wp\/v2\/pages\/527","targetHints":{"allow":["GET"]}}],"collection":[{"href":"https:\/\/medika.edu.rs\/index.php\/wp-json\/wp\/v2\/pages"}],"about":[{"href":"https:\/\/medika.edu.rs\/index.php\/wp-json\/wp\/v2\/types\/page"}],"author":[{"embeddable":true,"href":"https:\/\/medika.edu.rs\/index.php\/wp-json\/wp\/v2\/users\/1"}],"replies":[{"embeddable":true,"href":"https:\/\/medika.edu.rs\/index.php\/wp-json\/wp\/v2\/comments?post=527"}],"version-history":[{"count":6,"href":"https:\/\/medika.edu.rs\/index.php\/wp-json\/wp\/v2\/pages\/527\/revisions"}],"predecessor-version":[{"id":966,"href":"https:\/\/medika.edu.rs\/index.php\/wp-json\/wp\/v2\/pages\/527\/revisions\/966"}],"up":[{"embeddable":true,"href":"https:\/\/medika.edu.rs\/index.php\/wp-json\/wp\/v2\/pages\/109"}],"wp:attachment":[{"href":"https:\/\/medika.edu.rs\/index.php\/wp-json\/wp\/v2\/media?parent=527"}],"curies":[{"name":"wp","href":"https:\/\/api.w.org\/{rel}","templated":true}]}}