{"id":785,"date":"2021-12-03T13:42:35","date_gmt":"2021-12-03T13:42:35","guid":{"rendered":"https:\/\/medika.edu.rs\/?page_id=785"},"modified":"2022-02-05T13:13:58","modified_gmt":"2022-02-05T13:13:58","slug":"vesti","status":"publish","type":"page","link":"https:\/\/medika.edu.rs\/index.php\/vesti\/","title":{"rendered":"Vesti"},"content":{"rendered":"\n\t<div id=\"wpbaw-blog-1\" class=\"blogfree-plugin blog-clearfix \">\n\t\n\t\t\t\t<div id=\"post-1342\" class=\"blog type-blog blog-clearfix wpbaw-blog-class blog-col-3 wpbaw-first has-date no-thumb\">\n\t\t\t<div class=\"blog-inner-wrap-view blog-clearfix\">\n\t\t\t\t\n\t\t\t\t<div class=\"blog-content\">\n\t\t\t\t\t\t\t\t\t\t\t<div class=\"grid-category-post\">\n\t\t\t\t\t\t\t<a href=\"https:\/\/medika.edu.rs\/index.php\/blog-category\/medika\/\">Medika<\/a>, <a href=\"https:\/\/medika.edu.rs\/index.php\/blog-category\/saradnici\/\">Saradnici<\/a>, <a href=\"https:\/\/medika.edu.rs\/index.php\/blog-category\/studenti\/\">Studenti<\/a>\t\t\t\t\t\t<\/div>\n\t\t\t\t\t\t\t\t\t\t\t\t\t<div class=\"blog-author\">\n\t\t\t\t\t\t\t\t\t\t\t\t\t\t\t\t\t<span>\n\t\t\t\t\t\t\t\t\t\tBy <a href=\"https:\/\/medika.edu.rs\/index.php\/author\/medika\/\" target=\"_self\">admin<\/a>\n\t\t\t\t\t\t\t\t\t<\/span>\n\t\t\t\t\t\t\t\t \/ June 30, 2025\t\t\t\t\t\t\t<\/div>\n\t\t\t\t\t\t\n\t\t\t\t\t<div class=\"post-content-text\">\n\t\t\t\t\t\t\t\t\t\t\t\t<h3 class=\"blog-title\"><a href=\"https:\/\/medika.edu.rs\/index.php\/blog-post\/izvestaj-o-ucescu-na-bip-mobilnosti-u-pragu\/\" rel=\"bookmark\">Izve\u0161taj o u\u010de\u0161\u0107u na BIP mobilnosti u Pragu<\/a><\/h3>\n\t\t\t\t\t\t\t\t\t\t\t\t<div class=\"blog-content-excerpt\">\n\t\t\t\t\t\t\t\t\t\t\t\t\t\t\t<p class=\"blog-short-content\">U\u010de\u0161\u0107e na me\u0111unarodnom programu u Pragu: Fokus na inkluziju, raznolikost i razvoj karijere u visokom obrazovanju U periodu od 9....<\/p>\n\t\t\t\t\t\t\t\t<a href=\"https:\/\/medika.edu.rs\/index.php\/blog-post\/izvestaj-o-ucescu-na-bip-mobilnosti-u-pragu\/\" class=\"blog-more-link\"> Read More<\/a>\n\t\t\t\t\t\t\t\t\t\t\t\t\t<\/div>\n\t\t\t\t\t\t\t\t\t\t\t<\/div>\n\t\t\t\t<\/div>\n\t\t\t<\/div>\n\t\t<\/div>\n\t\t\t\t<div id=\"post-1327\" class=\"blog type-blog blog-clearfix wpbaw-blog-class blog-col-3 has-date no-thumb\">\n\t\t\t<div class=\"blog-inner-wrap-view blog-clearfix\">\n\t\t\t\t\n\t\t\t\t<div class=\"blog-content\">\n\t\t\t\t\t\t\t\t\t\t\t<div class=\"grid-category-post\">\n\t\t\t\t\t\t\t<a href=\"https:\/\/medika.edu.rs\/index.php\/blog-category\/medika\/\">Medika<\/a>, <a href=\"https:\/\/medika.edu.rs\/index.php\/blog-category\/studenti\/\">Studenti<\/a>\t\t\t\t\t\t<\/div>\n\t\t\t\t\t\t\t\t\t\t\t\t\t<div class=\"blog-author\">\n\t\t\t\t\t\t\t\t\t\t\t\t\t\t\t\t\t<span>\n\t\t\t\t\t\t\t\t\t\tBy <a href=\"https:\/\/medika.edu.rs\/index.php\/author\/medika\/\" target=\"_self\">admin<\/a>\n\t\t\t\t\t\t\t\t\t<\/span>\n\t\t\t\t\t\t\t\t \/ February 28, 2025\t\t\t\t\t\t\t<\/div>\n\t\t\t\t\t\t\n\t\t\t\t\t<div class=\"post-content-text\">\n\t\t\t\t\t\t\t\t\t\t\t\t<h3 class=\"blog-title\"><a href=\"https:\/\/medika.edu.rs\/index.php\/blog-post\/i-nacionalni-simpozijum\/\" rel=\"bookmark\">I Nacionalni simpozijum<\/a><\/h3>\n\t\t\t\t\t\t\t\t\t\t\t\t<div class=\"blog-content-excerpt\">\n\t\t\t\t\t\t\t\t\t\t\t\t\t\t\t<p class=\"blog-short-content\">Sa zadovoljstvom najavljujemo I Nacionalni simpozijum sa me\u0111unarodnim u\u010de\u0161\u0107em pod nazivom &amp;quot;Visoko obrazovanje medicinskih sestara \u2013 izazovi i perspektive&amp;quot;, koji...<\/p>\n\t\t\t\t\t\t\t\t<a href=\"https:\/\/medika.edu.rs\/index.php\/blog-post\/i-nacionalni-simpozijum\/\" class=\"blog-more-link\"> Read More<\/a>\n\t\t\t\t\t\t\t\t\t\t\t\t\t<\/div>\n\t\t\t\t\t\t\t\t\t\t\t<\/div>\n\t\t\t\t<\/div>\n\t\t\t<\/div>\n\t\t<\/div>\n\t\t\t\t<div id=\"post-1243\" class=\"blog type-blog blog-clearfix wpbaw-blog-class blog-col-3 has-date no-thumb\">\n\t\t\t<div class=\"blog-inner-wrap-view blog-clearfix\">\n\t\t\t\t\n\t\t\t\t<div class=\"blog-content\">\n\t\t\t\t\t\t\t\t\t\t\t<div class=\"grid-category-post\">\n\t\t\t\t\t\t\t<a href=\"https:\/\/medika.edu.rs\/index.php\/blog-category\/medika\/\">Medika<\/a>, <a href=\"https:\/\/medika.edu.rs\/index.php\/blog-category\/studenti\/\">Studenti<\/a>\t\t\t\t\t\t<\/div>\n\t\t\t\t\t\t\t\t\t\t\t\t\t<div class=\"blog-author\">\n\t\t\t\t\t\t\t\t\t\t\t\t\t\t\t\t\t<span>\n\t\t\t\t\t\t\t\t\t\tBy <a href=\"https:\/\/medika.edu.rs\/index.php\/author\/medika\/\" target=\"_self\">admin<\/a>\n\t\t\t\t\t\t\t\t\t<\/span>\n\t\t\t\t\t\t\t\t \/ December 17, 2024\t\t\t\t\t\t\t<\/div>\n\t\t\t\t\t\t\n\t\t\t\t\t<div class=\"post-content-text\">\n\t\t\t\t\t\t\t\t\t\t\t\t<h3 class=\"blog-title\"><a href=\"https:\/\/medika.edu.rs\/index.php\/blog-post\/nasem-luki-bronzana-medalja-na-prvenstvu-srbije\/\" rel=\"bookmark\">Na\u0161em Luki bronzana medalja na Prvenstvu Srbije!<\/a><\/h3>\n\t\t\t\t\t\t\t\t\t\t\t\t<div class=\"blog-content-excerpt\">\n\t\t\t\t\t\t\t\t\t\t\t\t\t\t\t<p class=\"blog-short-content\">Da je mogu\u0107e bele\u017eiti sjajne rezultate u sportu i tokom studija, pokazao je na\u0161 student Luka Markovi\u0107. Na nedavno odr\u017eanom...<\/p>\n\t\t\t\t\t\t\t\t<a href=\"https:\/\/medika.edu.rs\/index.php\/blog-post\/nasem-luki-bronzana-medalja-na-prvenstvu-srbije\/\" class=\"blog-more-link\"> Read More<\/a>\n\t\t\t\t\t\t\t\t\t\t\t\t\t<\/div>\n\t\t\t\t\t\t\t\t\t\t\t<\/div>\n\t\t\t\t<\/div>\n\t\t\t<\/div>\n\t\t<\/div>\n\t\t\t\t<div id=\"post-1234\" class=\"blog type-blog blog-clearfix wpbaw-blog-class blog-col-3 wpbaw-first has-date no-thumb\">\n\t\t\t<div class=\"blog-inner-wrap-view blog-clearfix\">\n\t\t\t\t\n\t\t\t\t<div class=\"blog-content\">\n\t\t\t\t\t\t\t\t\t\t\t<div class=\"grid-category-post\">\n\t\t\t\t\t\t\t<a href=\"https:\/\/medika.edu.rs\/index.php\/blog-category\/medika\/\">Medika<\/a>, <a href=\"https:\/\/medika.edu.rs\/index.php\/blog-category\/saradnici\/\">Saradnici<\/a>, <a href=\"https:\/\/medika.edu.rs\/index.php\/blog-category\/studenti\/\">Studenti<\/a>\t\t\t\t\t\t<\/div>\n\t\t\t\t\t\t\t\t\t\t\t\t\t<div class=\"blog-author\">\n\t\t\t\t\t\t\t\t\t\t\t\t\t\t\t\t\t<span>\n\t\t\t\t\t\t\t\t\t\tBy <a href=\"https:\/\/medika.edu.rs\/index.php\/author\/medika\/\" target=\"_self\">admin<\/a>\n\t\t\t\t\t\t\t\t\t<\/span>\n\t\t\t\t\t\t\t\t \/ August 15, 2024\t\t\t\t\t\t\t<\/div>\n\t\t\t\t\t\t\n\t\t\t\t\t<div class=\"post-content-text\">\n\t\t\t\t\t\t\t\t\t\t\t\t<h3 class=\"blog-title\"><a href=\"https:\/\/medika.edu.rs\/index.php\/blog-post\/nasa-studentkinja-uspesno-zavrsila-strucnu-praksu-u-bitolju-makedonija\/\" rel=\"bookmark\">Na\u0161a studentkinja uspe\u0161no zavr\u0161ila stru\u010dnu praksu u Bitolju, Makedonija<\/a><\/h3>\n\t\t\t\t\t\t\t\t\t\t\t\t<div class=\"blog-content-excerpt\">\n\t\t\t\t\t\t\t\t\t\t\t\t\t\t\t<p class=\"blog-short-content\">Visoka zdravstvena \u0161kola strukovnih studija \"Medika\" Beograd sa ponosom objavljuje da je na\u0161a studentkinja Brina Stojanovi\u0107 uspe\u0161no zavr\u0161ila stru\u010dnu praksu...<\/p>\n\t\t\t\t\t\t\t\t<a href=\"https:\/\/medika.edu.rs\/index.php\/blog-post\/nasa-studentkinja-uspesno-zavrsila-strucnu-praksu-u-bitolju-makedonija\/\" class=\"blog-more-link\"> Read More<\/a>\n\t\t\t\t\t\t\t\t\t\t\t\t\t<\/div>\n\t\t\t\t\t\t\t\t\t\t\t<\/div>\n\t\t\t\t<\/div>\n\t\t\t<\/div>\n\t\t<\/div>\n\t\t\t\t<div id=\"post-1224\" class=\"blog type-blog blog-clearfix wpbaw-blog-class blog-col-3 has-date no-thumb\">\n\t\t\t<div class=\"blog-inner-wrap-view blog-clearfix\">\n\t\t\t\t\n\t\t\t\t<div class=\"blog-content\">\n\t\t\t\t\t\t\t\t\t\t\t<div class=\"grid-category-post\">\n\t\t\t\t\t\t\t<a href=\"https:\/\/medika.edu.rs\/index.php\/blog-category\/medika\/\">Medika<\/a>, <a href=\"https:\/\/medika.edu.rs\/index.php\/blog-category\/studenti\/\">Studenti<\/a>\t\t\t\t\t\t<\/div>\n\t\t\t\t\t\t\t\t\t\t\t\t\t<div class=\"blog-author\">\n\t\t\t\t\t\t\t\t\t\t\t\t\t\t\t\t\t<span>\n\t\t\t\t\t\t\t\t\t\tBy <a href=\"https:\/\/medika.edu.rs\/index.php\/author\/medika\/\" target=\"_self\">admin<\/a>\n\t\t\t\t\t\t\t\t\t<\/span>\n\t\t\t\t\t\t\t\t \/ June 25, 2024\t\t\t\t\t\t\t<\/div>\n\t\t\t\t\t\t\n\t\t\t\t\t<div class=\"post-content-text\">\n\t\t\t\t\t\t\t\t\t\t\t\t<h3 class=\"blog-title\"><a href=\"https:\/\/medika.edu.rs\/index.php\/blog-post\/dr-bulajic-odrzala-predavanja-na-temu-suplementacija-u-ishrani-kao-prevencija-bolesti\/\" rel=\"bookmark\">Dr Bulaji\u0107 odr\u017eala predavanja na temu &#8220;Suplementacija u ishrani kao prevencija bolesti&#8221;<\/a><\/h3>\n\t\t\t\t\t\t\t\t\t\t\t\t<div class=\"blog-content-excerpt\">\n\t\t\t\t\t\t\t\t\t\t\t\t\t\t\t<p class=\"blog-short-content\">Dr Sonja Bulaji\u0107, predava\u010d na Visokoj zdravstvenoj \u0161koli strukovnih studija Medika, odr\u017eala je predavanje na temu &amp;quot;Suplementacija u ishrani kao...<\/p>\n\t\t\t\t\t\t\t\t<a href=\"https:\/\/medika.edu.rs\/index.php\/blog-post\/dr-bulajic-odrzala-predavanja-na-temu-suplementacija-u-ishrani-kao-prevencija-bolesti\/\" class=\"blog-more-link\"> Read More<\/a>\n\t\t\t\t\t\t\t\t\t\t\t\t\t<\/div>\n\t\t\t\t\t\t\t\t\t\t\t<\/div>\n\t\t\t\t<\/div>\n\t\t\t<\/div>\n\t\t<\/div>\n\t\t\t\t<div id=\"post-1220\" class=\"blog type-blog blog-clearfix wpbaw-blog-class blog-col-3 has-date no-thumb\">\n\t\t\t<div class=\"blog-inner-wrap-view blog-clearfix\">\n\t\t\t\t\n\t\t\t\t<div class=\"blog-content\">\n\t\t\t\t\t\t\t\t\t\t\t<div class=\"grid-category-post\">\n\t\t\t\t\t\t\t<a href=\"https:\/\/medika.edu.rs\/index.php\/blog-category\/medika\/\">Medika<\/a>, <a href=\"https:\/\/medika.edu.rs\/index.php\/blog-category\/studenti\/\">Studenti<\/a>\t\t\t\t\t\t<\/div>\n\t\t\t\t\t\t\t\t\t\t\t\t\t<div class=\"blog-author\">\n\t\t\t\t\t\t\t\t\t\t\t\t\t\t\t\t\t<span>\n\t\t\t\t\t\t\t\t\t\tBy <a href=\"https:\/\/medika.edu.rs\/index.php\/author\/medika\/\" target=\"_self\">admin<\/a>\n\t\t\t\t\t\t\t\t\t<\/span>\n\t\t\t\t\t\t\t\t \/ May 20, 2024\t\t\t\t\t\t\t<\/div>\n\t\t\t\t\t\t\n\t\t\t\t\t<div class=\"post-content-text\">\n\t\t\t\t\t\t\t\t\t\t\t\t<h3 class=\"blog-title\"><a href=\"https:\/\/medika.edu.rs\/index.php\/blog-post\/predstavljanje-skole-medika-ucenicima-u-smederevu\/\" rel=\"bookmark\">Predstavljanje \u0161kole Medika u\u010denicima u Smederevu<\/a><\/h3>\n\t\t\t\t\t\t\t\t\t\t\t\t<div class=\"blog-content-excerpt\">\n\t\t\t\t\t\t\t\t\t\t\t\t\t\t\t<p class=\"blog-short-content\">Dana 17. maja 2024 godine, prof. strukovnih studija dr Anita Kova\u010di\u0107 Popovi\u0107 odr\u017eala je prezentaciju za maturante Srednje medicinsko farmaceutske...<\/p>\n\t\t\t\t\t\t\t\t<a href=\"https:\/\/medika.edu.rs\/index.php\/blog-post\/predstavljanje-skole-medika-ucenicima-u-smederevu\/\" class=\"blog-more-link\"> Read More<\/a>\n\t\t\t\t\t\t\t\t\t\t\t\t\t<\/div>\n\t\t\t\t\t\t\t\t\t\t\t<\/div>\n\t\t\t\t<\/div>\n\t\t\t<\/div>\n\t\t<\/div>\n\t\t\t\t<div id=\"post-1206\" class=\"blog type-blog blog-clearfix wpbaw-blog-class blog-col-3 wpbaw-first has-date no-thumb\">\n\t\t\t<div class=\"blog-inner-wrap-view blog-clearfix\">\n\t\t\t\t\n\t\t\t\t<div class=\"blog-content\">\n\t\t\t\t\t\t\t\t\t\t\t<div class=\"grid-category-post\">\n\t\t\t\t\t\t\t<a href=\"https:\/\/medika.edu.rs\/index.php\/blog-category\/medika\/\">Medika<\/a>, <a href=\"https:\/\/medika.edu.rs\/index.php\/blog-category\/studenti\/\">Studenti<\/a>\t\t\t\t\t\t<\/div>\n\t\t\t\t\t\t\t\t\t\t\t\t\t<div class=\"blog-author\">\n\t\t\t\t\t\t\t\t\t\t\t\t\t\t\t\t\t<span>\n\t\t\t\t\t\t\t\t\t\tBy <a href=\"https:\/\/medika.edu.rs\/index.php\/author\/medika\/\" target=\"_self\">admin<\/a>\n\t\t\t\t\t\t\t\t\t<\/span>\n\t\t\t\t\t\t\t\t \/ April 5, 2024\t\t\t\t\t\t\t<\/div>\n\t\t\t\t\t\t\n\t\t\t\t\t<div class=\"post-content-text\">\n\t\t\t\t\t\t\t\t\t\t\t\t<h3 class=\"blog-title\"><a href=\"https:\/\/medika.edu.rs\/index.php\/blog-post\/nasa-studentkinja-medju-najboljima-u-srbiji-2\/\" rel=\"bookmark\">NA\u0160A STUDENTKINJA ME\u0110U NAJBOLJIMA U SRBIJI!<\/a><\/h3>\n\t\t\t\t\t\t\t\t\t\t\t\t<div class=\"blog-content-excerpt\">\n\t\t\t\t\t\t\t\t\t\t\t\t\t\t\t<p class=\"blog-short-content\">Dan studenata Beogradskog univerziteta 4. april, obele\u017een je u znak se\u0107anja na studenta \u017darka Marinovi\u0107a koji je stradao tokom studentskih...<\/p>\n\t\t\t\t\t\t\t\t<a href=\"https:\/\/medika.edu.rs\/index.php\/blog-post\/nasa-studentkinja-medju-najboljima-u-srbiji-2\/\" class=\"blog-more-link\"> Read More<\/a>\n\t\t\t\t\t\t\t\t\t\t\t\t\t<\/div>\n\t\t\t\t\t\t\t\t\t\t\t<\/div>\n\t\t\t\t<\/div>\n\t\t\t<\/div>\n\t\t<\/div>\n\t\t\t\t<div id=\"post-1204\" class=\"blog type-blog blog-clearfix wpbaw-blog-class blog-col-3 has-date no-thumb\">\n\t\t\t<div class=\"blog-inner-wrap-view blog-clearfix\">\n\t\t\t\t\n\t\t\t\t<div class=\"blog-content\">\n\t\t\t\t\t\t\t\t\t\t\t<div class=\"grid-category-post\">\n\t\t\t\t\t\t\t<a href=\"https:\/\/medika.edu.rs\/index.php\/blog-category\/medika\/\">Medika<\/a>, <a href=\"https:\/\/medika.edu.rs\/index.php\/blog-category\/studenti\/\">Studenti<\/a>\t\t\t\t\t\t<\/div>\n\t\t\t\t\t\t\t\t\t\t\t\t\t<div class=\"blog-author\">\n\t\t\t\t\t\t\t\t\t\t\t\t\t\t\t\t\t<span>\n\t\t\t\t\t\t\t\t\t\tBy <a href=\"https:\/\/medika.edu.rs\/index.php\/author\/medika\/\" target=\"_self\">admin<\/a>\n\t\t\t\t\t\t\t\t\t<\/span>\n\t\t\t\t\t\t\t\t \/ April 5, 2024\t\t\t\t\t\t\t<\/div>\n\t\t\t\t\t\t\n\t\t\t\t\t<div class=\"post-content-text\">\n\t\t\t\t\t\t\t\t\t\t\t\t<h3 class=\"blog-title\"><a href=\"https:\/\/medika.edu.rs\/index.php\/blog-post\/javni-poziv-za-mobilnost-studenta\/\" rel=\"bookmark\">Javni poziv za mobilnost studenta<\/a><\/h3>\n\t\t\t\t\t\t\t\t\t\t\t\t<div class=\"blog-content-excerpt\">\n\t\t\t\t\t\t\t\t\t\t\t\t\t\t\t<p class=\"blog-short-content\">Prema ugovoru o dodeli namenskih bespovratnih sredstava potpisan izme\u0111u Visoke zdravstvene \u0161kole strukovnih studija Medika i nacionalne Fondacije Tempus u...<\/p>\n\t\t\t\t\t\t\t\t<a href=\"https:\/\/medika.edu.rs\/index.php\/blog-post\/javni-poziv-za-mobilnost-studenta\/\" class=\"blog-more-link\"> Read More<\/a>\n\t\t\t\t\t\t\t\t\t\t\t\t\t<\/div>\n\t\t\t\t\t\t\t\t\t\t\t<\/div>\n\t\t\t\t<\/div>\n\t\t\t<\/div>\n\t\t<\/div>\n\t\t\t\t<div id=\"post-1190\" class=\"blog type-blog blog-clearfix wpbaw-blog-class blog-col-3 has-date no-thumb\">\n\t\t\t<div class=\"blog-inner-wrap-view blog-clearfix\">\n\t\t\t\t\n\t\t\t\t<div class=\"blog-content\">\n\t\t\t\t\t\t\t\t\t\t\t<div class=\"grid-category-post\">\n\t\t\t\t\t\t\t<a href=\"https:\/\/medika.edu.rs\/index.php\/blog-category\/medika\/\">Medika<\/a>, <a href=\"https:\/\/medika.edu.rs\/index.php\/blog-category\/studenti\/\">Studenti<\/a>\t\t\t\t\t\t<\/div>\n\t\t\t\t\t\t\t\t\t\t\t\t\t<div class=\"blog-author\">\n\t\t\t\t\t\t\t\t\t\t\t\t\t\t\t\t\t<span>\n\t\t\t\t\t\t\t\t\t\tBy <a href=\"https:\/\/medika.edu.rs\/index.php\/author\/medika\/\" target=\"_self\">admin<\/a>\n\t\t\t\t\t\t\t\t\t<\/span>\n\t\t\t\t\t\t\t\t \/ February 19, 2024\t\t\t\t\t\t\t<\/div>\n\t\t\t\t\t\t\n\t\t\t\t\t<div class=\"post-content-text\">\n\t\t\t\t\t\t\t\t\t\t\t\t<h3 class=\"blog-title\"><a href=\"https:\/\/medika.edu.rs\/index.php\/blog-post\/javni-poziv-3\/\" rel=\"bookmark\">JAVNI POZIV<\/a><\/h3>\n\t\t\t\t\t\t\t\t\t\t\t\t<div class=\"blog-content-excerpt\">\n\t\t\t\t\t\t\t\t\t\t\t\t\t\t\t<p class=\"blog-short-content\">Prema ugovoru o dodeli namenskih bespovratnih sredstava potpisan izme\u0111u Visoke zdravstvene \u0161kole strukovnih studija Medika i nacionalne Fondacije Tempus u...<\/p>\n\t\t\t\t\t\t\t\t<a href=\"https:\/\/medika.edu.rs\/index.php\/blog-post\/javni-poziv-3\/\" class=\"blog-more-link\"> Read More<\/a>\n\t\t\t\t\t\t\t\t\t\t\t\t\t<\/div>\n\t\t\t\t\t\t\t\t\t\t\t<\/div>\n\t\t\t\t<\/div>\n\t\t\t<\/div>\n\t\t<\/div>\n\t\t\t\t<div id=\"post-1186\" class=\"blog type-blog blog-clearfix wpbaw-blog-class blog-col-3 wpbaw-first has-date no-thumb\">\n\t\t\t<div class=\"blog-inner-wrap-view blog-clearfix\">\n\t\t\t\t\n\t\t\t\t<div class=\"blog-content\">\n\t\t\t\t\t\t\t\t\t\t\t<div class=\"grid-category-post\">\n\t\t\t\t\t\t\t<a href=\"https:\/\/medika.edu.rs\/index.php\/blog-category\/medika\/\">Medika<\/a>, <a href=\"https:\/\/medika.edu.rs\/index.php\/blog-category\/studenti\/\">Studenti<\/a>\t\t\t\t\t\t<\/div>\n\t\t\t\t\t\t\t\t\t\t\t\t\t<div class=\"blog-author\">\n\t\t\t\t\t\t\t\t\t\t\t\t\t\t\t\t\t<span>\n\t\t\t\t\t\t\t\t\t\tBy <a href=\"https:\/\/medika.edu.rs\/index.php\/author\/medika\/\" target=\"_self\">admin<\/a>\n\t\t\t\t\t\t\t\t\t<\/span>\n\t\t\t\t\t\t\t\t \/ January 16, 2024\t\t\t\t\t\t\t<\/div>\n\t\t\t\t\t\t\n\t\t\t\t\t<div class=\"post-content-text\">\n\t\t\t\t\t\t\t\t\t\t\t\t<h3 class=\"blog-title\"><a href=\"https:\/\/medika.edu.rs\/index.php\/blog-post\/poseta-naseg-profesora-fakultetu-u-osijeku\/\" rel=\"bookmark\">POSETA NA\u0160EG PROFESORA FAKULTETU U OSIJEKU<\/a><\/h3>\n\t\t\t\t\t\t\t\t\t\t\t\t<div class=\"blog-content-excerpt\">\n\t\t\t\t\t\t\t\t\t\t\t\t\t\t\t<p class=\"blog-short-content\">Redovni profesor VZ\u0160SS Medika \u017deljko Vlaisavljevi\u0107 posetio je Fakultet za dentalnu medicinu i zdravstvo Sveu\u010dili\u0161tva Strossmayer u Osijeku. Poseta je...<\/p>\n\t\t\t\t\t\t\t\t<a href=\"https:\/\/medika.edu.rs\/index.php\/blog-post\/poseta-naseg-profesora-fakultetu-u-osijeku\/\" class=\"blog-more-link\"> Read More<\/a>\n\t\t\t\t\t\t\t\t\t\t\t\t\t<\/div>\n\t\t\t\t\t\t\t\t\t\t\t<\/div>\n\t\t\t\t<\/div>\n\t\t\t<\/div>\n\t\t<\/div>\n\t\t\t<\/div>\n\t\n\t\t<div class=\"blog_pagination blog-clearfix wpbaw-numeric\">\n\t\t<span aria-current=\"page\" class=\"page-numbers current\">1<\/span>\n<a class=\"page-numbers\" href=\"https:\/\/medika.edu.rs\/index.php\/wp-json\/wp\/v2\/pages\/785\/page\/2\/#wpbaw-blog-1\">2<\/a>\n<a class=\"page-numbers\" href=\"https:\/\/medika.edu.rs\/index.php\/wp-json\/wp\/v2\/pages\/785\/page\/3\/#wpbaw-blog-1\">3<\/a>\n<span class=\"page-numbers dots\">&hellip;<\/span>\n<a class=\"page-numbers\" href=\"https:\/\/medika.edu.rs\/index.php\/wp-json\/wp\/v2\/pages\/785\/page\/6\/#wpbaw-blog-1\">6<\/a>\n<a class=\"next page-numbers\" href=\"https:\/\/medika.edu.rs\/index.php\/wp-json\/wp\/v2\/pages\/785\/page\/2\/#wpbaw-blog-1\">Next &raquo;<\/a>\t<\/div>\n\t\n","protected":false},"excerpt":{"rendered":"","protected":false},"author":1,"featured_media":0,"parent":0,"menu_order":0,"comment_status":"closed","ping_status":"closed","template":"","meta":{"footnotes":""},"class_list":["post-785","page","type-page","status-publish","hentry"],"_links":{"self":[{"href":"https:\/\/medika.edu.rs\/index.php\/wp-json\/wp\/v2\/pages\/785","targetHints":{"allow":["GET"]}}],"collection":[{"href":"https:\/\/medika.edu.rs\/index.php\/wp-json\/wp\/v2\/pages"}],"about":[{"href":"https:\/\/medika.edu.rs\/index.php\/wp-json\/wp\/v2\/types\/page"}],"author":[{"embeddable":true,"href":"https:\/\/medika.edu.rs\/index.php\/wp-json\/wp\/v2\/users\/1"}],"replies":[{"embeddable":true,"href":"https:\/\/medika.edu.rs\/index.php\/wp-json\/wp\/v2\/comments?post=785"}],"version-history":[{"count":3,"href":"https:\/\/medika.edu.rs\/index.php\/wp-json\/wp\/v2\/pages\/785\/revisions"}],"predecessor-version":[{"id":847,"href":"https:\/\/medika.edu.rs\/index.php\/wp-json\/wp\/v2\/pages\/785\/revisions\/847"}],"wp:attachment":[{"href":"https:\/\/medika.edu.rs\/index.php\/wp-json\/wp\/v2\/media?parent=785"}],"curies":[{"name":"wp","href":"https:\/\/api.w.org\/{rel}","templated":true}]}}