{"id":81,"date":"2018-08-08T19:44:03","date_gmt":"2018-08-08T19:44:03","guid":{"rendered":"http:\/\/demo.sharkthemes.com\/uni-education\/?page_id=81"},"modified":"2019-11-06T21:01:40","modified_gmt":"2019-11-06T21:01:40","slug":"zasto-medika","status":"publish","type":"page","link":"https:\/\/medika.edu.rs\/index.php\/zasto-medika\/","title":{"rendered":"Za\u0161to Medika"},"content":{"rendered":"<p>Tendencija savremenog dru\u0161tva da postane deo EU, zahteva visoko edukovan kadar na polju medicinskih nauka. Visoka zdravstvena \u0161kola strukovnih studija \u201cMedika\u201c je samostalna visoko\u0161kolska ustanova koja realizuje trogodi\u0161nje studije (180 ESP bodova) na studijskim programima:<\/p>\n<p>\u2022 Strukovna medicinska sestra<br \/>\n\u2022 Strukovni fizioterapeut<\/p>\n<p>Plan i program obrazovanja strukovne medicinske sestre i strukovnog fizioterapeuta je uskla\u0111en sa me\u0111unarodnim standardima i standardima EU \/ na\u010dela Minhenske i Bolonjske deklaracije, Direktiva 2005\/36\/EZ i 2013\/55\/EU, Zakon o regulisanim profesijama i priznavanju profesionalnih kvalifikacija, zahtevi Svetske konfederacije za fizikalnu terapiju \u2013 WCPT\/. Efikasnost studiranja bi\u0107e na visokom nivou, \u010demu \u0107e doprineti uslovi rada, program i odgovaraju\u0107i kadar. \u201cMedika\u201c prati savremene trendove u obrazovanju, primenjuje savremene metode i sredstva u nastavi, sa te\u017ei\u0161tem na individualnom i prakti\u010dnom radu.<br \/>\nAkreditacija i dozvola za rad: Visoka zdravstvena \u0161kola strukovnih studija \u201cMedika\u201c iz Beograda poseduje dozvolu za rad Ministarstva prosvete, nauke i tehnolo\u0161kog razvoja izdatu po pozitivnom mi\u0161ljenju Nacionalnog tela za akreditaciju i proveru kvaliteta pod brojem 612-00-00318\/6\/2019-03 od 30. 9. 2019.<\/p>\n","protected":false},"excerpt":{"rendered":"<p>Tendencija savremenog dru\u0161tva da postane deo EU, zahteva visoko edukovan kadar na polju medicinskih nauka. Visoka zdravstvena \u0161kola strukovnih studija \u201cMedika\u201c je samostalna visoko\u0161kolska ustanova [&hellip;]<\/p>\n","protected":false},"author":1,"featured_media":82,"parent":0,"menu_order":0,"comment_status":"closed","ping_status":"closed","template":"","meta":{"footnotes":""},"class_list":["post-81","page","type-page","status-publish","has-post-thumbnail","hentry"],"_links":{"self":[{"href":"https:\/\/medika.edu.rs\/index.php\/wp-json\/wp\/v2\/pages\/81","targetHints":{"allow":["GET"]}}],"collection":[{"href":"https:\/\/medika.edu.rs\/index.php\/wp-json\/wp\/v2\/pages"}],"about":[{"href":"https:\/\/medika.edu.rs\/index.php\/wp-json\/wp\/v2\/types\/page"}],"author":[{"embeddable":true,"href":"https:\/\/medika.edu.rs\/index.php\/wp-json\/wp\/v2\/users\/1"}],"replies":[{"embeddable":true,"href":"https:\/\/medika.edu.rs\/index.php\/wp-json\/wp\/v2\/comments?post=81"}],"version-history":[{"count":4,"href":"https:\/\/medika.edu.rs\/index.php\/wp-json\/wp\/v2\/pages\/81\/revisions"}],"predecessor-version":[{"id":184,"href":"https:\/\/medika.edu.rs\/index.php\/wp-json\/wp\/v2\/pages\/81\/revisions\/184"}],"wp:featuredmedia":[{"embeddable":true,"href":"https:\/\/medika.edu.rs\/index.php\/wp-json\/wp\/v2\/media\/82"}],"wp:attachment":[{"href":"https:\/\/medika.edu.rs\/index.php\/wp-json\/wp\/v2\/media?parent=81"}],"curies":[{"name":"wp","href":"https:\/\/api.w.org\/{rel}","templated":true}]}}